{"id":68,"date":"2021-10-29T19:46:50","date_gmt":"2021-10-29T22:46:50","guid":{"rendered":"https:\/\/larre.com.br\/?page_id=68"},"modified":"2025-03-20T21:03:42","modified_gmt":"2025-03-21T00:03:42","slug":"emmanuel-larre","status":"publish","type":"page","link":"https:\/\/larre.com.br\/","title":{"rendered":"Emmanuel Larr\u00e9"},"content":{"rendered":"\t\t<div data-elementor-type=\"wp-page\" data-elementor-id=\"68\" class=\"elementor elementor-68\" data-elementor-post-type=\"page\">\n\t\t\t\t\t\t<section class=\"elementor-section elementor-top-section elementor-element elementor-element-a5e46ec elementor-section-boxed elementor-section-height-default elementor-section-height-default\" data-id=\"a5e46ec\" data-element_type=\"section\" data-e-type=\"section\">\n\t\t\t\t\t\t<div class=\"elementor-container elementor-column-gap-default\">\n\t\t\t\t\t<div class=\"elementor-column elementor-col-33 elementor-top-column elementor-element elementor-element-aa91a38\" data-id=\"aa91a38\" data-element_type=\"column\" data-e-type=\"column\">\n\t\t\t<div class=\"elementor-widget-wrap elementor-element-populated\">\n\t\t\t\t\t\t<div class=\"elementor-element elementor-element-c8aea2 elementor-invisible elementor-widget elementor-widget-text-editor\" data-id=\"c8aea2\" data-element_type=\"widget\" data-e-type=\"widget\" data-settings=\"{&quot;_animation&quot;:&quot;fadeIn&quot;}\" data-widget_type=\"text-editor.default\">\n\t\t\t\t<div class=\"elementor-widget-container\">\n\t\t\t\t\t\t\t\t\t<p><\/p>\n<p>Larr\u00e9 Solu\u00e7\u00f5es Empresariais<\/p>\n<p><\/p>\t\t\t\t\t\t\t\t<\/div>\n\t\t\t\t<\/div>\n\t\t\t\t\t<\/div>\n\t\t<\/div>\n\t\t\t\t<div class=\"elementor-column elementor-col-33 elementor-top-column elementor-element elementor-element-582bafe\" data-id=\"582bafe\" data-element_type=\"column\" data-e-type=\"column\">\n\t\t\t<div class=\"elementor-widget-wrap elementor-element-populated\">\n\t\t\t\t\t\t<div class=\"elementor-element elementor-element-bf9bf27 elementor-widget__width-initial elementor-invisible elementor-widget elementor-widget-text-editor\" data-id=\"bf9bf27\" data-element_type=\"widget\" data-e-type=\"widget\" data-settings=\"{&quot;_animation&quot;:&quot;fadeInDown&quot;}\" data-widget_type=\"text-editor.default\">\n\t\t\t\t<div class=\"elementor-widget-container\">\n\t\t\t\t\t\t\t\t\t<p>P\u00e1gina em constru\u00e7\u00e3o.<\/p>\t\t\t\t\t\t\t\t<\/div>\n\t\t\t\t<\/div>\n\t\t\t\t\t<\/div>\n\t\t<\/div>\n\t\t\t\t<div class=\"elementor-column elementor-col-33 elementor-top-column elementor-element elementor-element-80fc4ef\" data-id=\"80fc4ef\" data-element_type=\"column\" data-e-type=\"column\">\n\t\t\t<div class=\"elementor-widget-wrap elementor-element-populated\">\n\t\t\t\t\t\t<div class=\"elementor-element elementor-element-dc952af elementor-widget elementor-widget-image\" data-id=\"dc952af\" data-element_type=\"widget\" data-e-type=\"widget\" data-widget_type=\"image.default\">\n\t\t\t\t<div class=\"elementor-widget-container\">\n\t\t\t\t\t\t\t\t\t\t\t\t\t\t\t<img decoding=\"async\" src=\"https:\/\/larre.com.br\/wp-content\/uploads\/elementor\/thumbs\/lupa-pgsppyjc8lixkvpjb3vs92lwf9jdc4ut37a2qxxc4s.png\" title=\"lupa\" alt=\"lupa\" loading=\"lazy\" \/>\t\t\t\t\t\t\t\t\t\t\t\t\t\t\t<\/div>\n\t\t\t\t<\/div>\n\t\t\t\t\t<\/div>\n\t\t<\/div>\n\t\t\t\t\t<\/div>\n\t\t<\/section>\n\t\t\t\t<section class=\"elementor-section elementor-top-section elementor-element elementor-element-529c840 elementor-section-boxed elementor-section-height-default elementor-section-height-default\" data-id=\"529c840\" data-element_type=\"section\" data-e-type=\"section\">\n\t\t\t\t\t\t<div class=\"elementor-container elementor-column-gap-default\">\n\t\t\t\t\t<div class=\"elementor-column elementor-col-100 elementor-top-column elementor-element elementor-element-0f0caa7\" data-id=\"0f0caa7\" data-element_type=\"column\" data-e-type=\"column\">\n\t\t\t<div class=\"elementor-widget-wrap elementor-element-populated\">\n\t\t\t\t\t\t<section class=\"elementor-section elementor-inner-section elementor-element elementor-element-c25e48b elementor-section-boxed elementor-section-height-default elementor-section-height-default\" data-id=\"c25e48b\" data-element_type=\"section\" data-e-type=\"section\">\n\t\t\t\t\t\t<div class=\"elementor-container elementor-column-gap-default\">\n\t\t\t\t\t<div class=\"elementor-column elementor-col-50 elementor-inner-column elementor-element elementor-element-31b907b\" data-id=\"31b907b\" data-element_type=\"column\" data-e-type=\"column\">\n\t\t\t<div class=\"elementor-widget-wrap elementor-element-populated\">\n\t\t\t\t\t\t<div class=\"elementor-element elementor-element-445dd36 elementor-widget__width-initial elementor-widget elementor-widget-text-editor\" data-id=\"445dd36\" data-element_type=\"widget\" data-e-type=\"widget\" data-widget_type=\"text-editor.default\">\n\t\t\t\t<div class=\"elementor-widget-container\">\n\t\t\t\t\t\t\t\t\t<p style=\"text-align: right;\">Encurtador de Link, use com modera\u00e7\u00e3o:\u00a0<\/p>\t\t\t\t\t\t\t\t<\/div>\n\t\t\t\t<\/div>\n\t\t\t\t\t<\/div>\n\t\t<\/div>\n\t\t\t\t<div class=\"elementor-column elementor-col-50 elementor-inner-column elementor-element elementor-element-02bbe70\" data-id=\"02bbe70\" data-element_type=\"column\" data-e-type=\"column\">\n\t\t\t<div class=\"elementor-widget-wrap elementor-element-populated\">\n\t\t\t\t\t\t<div class=\"elementor-element elementor-element-5245d3f elementor-widget__width-initial elementor-widget elementor-widget-html\" data-id=\"5245d3f\" data-element_type=\"widget\" data-e-type=\"widget\" data-widget_type=\"html.default\">\n\t\t\t\t<div class=\"elementor-widget-container\">\n\t\t\t\t\t<form id=\"formEnc\">\r\n    <input type=\"text\" id=\"url\" name=\"url\" required placeholder=\"Digite sua URL\">\r\n    <button type=\"submit\">Encurtar Link<\/button>\r\n<\/form>\r\n\r\n<!-- Campo para exibir o link encurtado -->\r\n<p id=\"resultado\"><\/p>\r\n\r\n<script>\r\ndocument.getElementById(\"formEnc\").addEventListener(\"submit\", async (e) => {\r\n    e.preventDefault();\r\n    \r\n    let url = document.getElementById(\"url\").value;\r\n\r\n    \/\/ Verificar se a URL n\u00e3o cont\u00e9m http:\/\/ ou https:\/\/ e adicionar http:\/\/\r\n    if (!\/^https?:\\\/\\\/\/i.test(url)) {\r\n        url = \"http:\/\/\" + url;\r\n    }\r\n\r\n    let formData = new FormData();\r\n    formData.append(\"url\", url);\r\n\r\n    let response = await fetch(\"encurtar.php\", { method: \"POST\", body: formData });\r\n    let result = await response.text();\r\n\r\n    \/\/ Exibir o resultado com um bot\u00e3o para copiar\r\n    document.getElementById(\"resultado\").innerHTML = `\r\n        <input type=\"text\" id=\"linkEncurtado\" value=\"${result}\" readonly>\r\n        <button onclick=\"copiarLink()\">Copiar<\/button>\r\n    `;\r\n});\r\n\r\n\/\/ Fun\u00e7\u00e3o para copiar o link para a \u00e1rea de transfer\u00eancia\r\nfunction copiarLink() {\r\n    let linkInput = document.getElementById(\"linkEncurtado\");\r\n\r\n    \/\/ Seleciona o conte\u00fado do input\r\n    linkInput.select();\r\n    linkInput.setSelectionRange(0, 99999); \/\/ Para compatibilidade com mobile\r\n\r\n    \/\/ Copia o texto para a \u00e1rea de transfer\u00eancia\r\n    document.execCommand(\"copy\");\r\n\r\n    \/\/ Alerta o usu\u00e1rio que o link foi copiado\r\n    alert(\"Link copiado: \" + linkInput.value);\r\n\r\n    \/\/ Limpar a tabela de URLs no banco de dados\r\n    limparTabela();\r\n}\r\n\r\n\/\/ Fun\u00e7\u00e3o para apagar os registros da tabela de URLs no banco de dados\r\nasync function limparTabela() {\r\n    let response = await fetch(\"limpar_urls.php\", { method: \"GET\" });\r\n\r\n    \/\/ Verificar se a limpeza foi bem-sucedida\r\n    if (response.ok) {\r\n        console.log(\"Tabela de URLs limpa com sucesso!\");\r\n    } else {\r\n        console.log(\"Erro ao limpar a tabela de URLs.\");\r\n    }\r\n}\r\n<\/script>\r\n\t\t\t\t<\/div>\n\t\t\t\t<\/div>\n\t\t\t\t\t<\/div>\n\t\t<\/div>\n\t\t\t\t\t<\/div>\n\t\t<\/section>\n\t\t\t\t\t<\/div>\n\t\t<\/div>\n\t\t\t\t\t<\/div>\n\t\t<\/section>\n\t\t\t\t<section class=\"elementor-section elementor-top-section elementor-element elementor-element-172fe63c elementor-section-boxed elementor-section-height-default elementor-section-height-default elementor-invisible\" data-id=\"172fe63c\" data-element_type=\"section\" data-e-type=\"section\" data-settings=\"{&quot;animation&quot;:&quot;fadeInLeft&quot;}\">\n\t\t\t\t\t\t<div class=\"elementor-container elementor-column-gap-default\">\n\t\t\t\t\t<div class=\"elementor-column elementor-col-100 elementor-top-column elementor-element elementor-element-1adf378\" data-id=\"1adf378\" data-element_type=\"column\" data-e-type=\"column\">\n\t\t\t<div class=\"elementor-widget-wrap elementor-element-populated\">\n\t\t\t\t\t\t<div class=\"elementor-element elementor-element-cf0c789 elementor-view-default elementor-widget elementor-widget-icon\" data-id=\"cf0c789\" data-element_type=\"widget\" data-e-type=\"widget\" data-widget_type=\"icon.default\">\n\t\t\t\t<div class=\"elementor-widget-container\">\n\t\t\t\t\t\t\t<div class=\"elementor-icon-wrapper\">\n\t\t\t<a class=\"elementor-icon\" href=\"https:\/\/wa.me\/5581988388700?text=Ol\u00e1.%20Estou%20vindo%20pelo%20acesso%20do%20site\">\n\t\t\t<i aria-hidden=\"true\" class=\"fab fa-whatsapp-square\"><\/i>\t\t\t<\/a>\n\t\t<\/div>\n\t\t\t\t\t\t<\/div>\n\t\t\t\t<\/div>\n\t\t\t\t\t<\/div>\n\t\t<\/div>\n\t\t\t\t\t<\/div>\n\t\t<\/section>\n\t\t\t\t<section class=\"elementor-section elementor-top-section elementor-element elementor-element-006af17 elementor-section-height-full elementor-section-content-middle elementor-section-boxed elementor-section-height-default elementor-section-items-middle\" data-id=\"006af17\" data-element_type=\"section\" data-e-type=\"section\">\n\t\t\t\t\t\t<div class=\"elementor-container elementor-column-gap-default\">\n\t\t\t\t\t<div class=\"elementor-column elementor-col-100 elementor-top-column elementor-element elementor-element-c40d2ce\" data-id=\"c40d2ce\" data-element_type=\"column\" data-e-type=\"column\">\n\t\t\t<div class=\"elementor-widget-wrap elementor-element-populated\">\n\t\t\t\t\t\t<div class=\"elementor-element elementor-element-854fa68 elementor-invisible elementor-widget elementor-widget-text-editor\" data-id=\"854fa68\" data-element_type=\"widget\" data-e-type=\"widget\" data-settings=\"{&quot;_animation&quot;:&quot;fadeInRight&quot;}\" data-widget_type=\"text-editor.default\">\n\t\t\t\t<div class=\"elementor-widget-container\">\n\t\t\t\t\t\t\t\t\t<p>Site em Manuten\u00e7\u00e3o.<\/p>\t\t\t\t\t\t\t\t<\/div>\n\t\t\t\t<\/div>\n\t\t\t\t<div class=\"elementor-element elementor-element-8d0cc09 animated-slow elementor-invisible elementor-widget elementor-widget-text-editor\" data-id=\"8d0cc09\" data-element_type=\"widget\" data-e-type=\"widget\" data-settings=\"{&quot;_animation&quot;:&quot;zoomIn&quot;}\" data-widget_type=\"text-editor.default\">\n\t\t\t\t<div class=\"elementor-widget-container\">\n\t\t\t\t\t\t\t\t\t<p>Estamos atualizando o nosso banco de dados para oferecermos diversos servi\u00e7os online. Aguardem por novidades.<\/p>\t\t\t\t\t\t\t\t<\/div>\n\t\t\t\t<\/div>\n\t\t\t\t\t<\/div>\n\t\t<\/div>\n\t\t\t\t\t<\/div>\n\t\t<\/section>\n\t\t\t\t<\/div>\n\t\t","protected":false},"excerpt":{"rendered":"<p>Larr\u00e9 Solu\u00e7\u00f5es Empresariais P\u00e1gina em constru\u00e7\u00e3o. Encurtador de Link, use com modera\u00e7\u00e3o:\u00a0 Encurtar Link Site em Manuten\u00e7\u00e3o. Estamos atualizando o nosso banco de dados para oferecermos diversos servi\u00e7os online. Aguardem por novidades.<\/p>\n","protected":false},"author":1,"featured_media":0,"parent":0,"menu_order":0,"comment_status":"closed","ping_status":"closed","template":"elementor_canvas","meta":{"footnotes":""},"class_list":["post-68","page","type-page","status-publish","hentry"],"_links":{"self":[{"href":"https:\/\/larre.com.br\/index.php?rest_route=\/wp\/v2\/pages\/68","targetHints":{"allow":["GET"]}}],"collection":[{"href":"https:\/\/larre.com.br\/index.php?rest_route=\/wp\/v2\/pages"}],"about":[{"href":"https:\/\/larre.com.br\/index.php?rest_route=\/wp\/v2\/types\/page"}],"author":[{"embeddable":true,"href":"https:\/\/larre.com.br\/index.php?rest_route=\/wp\/v2\/users\/1"}],"replies":[{"embeddable":true,"href":"https:\/\/larre.com.br\/index.php?rest_route=%2Fwp%2Fv2%2Fcomments&post=68"}],"version-history":[{"count":79,"href":"https:\/\/larre.com.br\/index.php?rest_route=\/wp\/v2\/pages\/68\/revisions"}],"predecessor-version":[{"id":165,"href":"https:\/\/larre.com.br\/index.php?rest_route=\/wp\/v2\/pages\/68\/revisions\/165"}],"wp:attachment":[{"href":"https:\/\/larre.com.br\/index.php?rest_route=%2Fwp%2Fv2%2Fmedia&parent=68"}],"curies":[{"name":"wp","href":"https:\/\/api.w.org\/{rel}","templated":true}]}}